{"id":23,"date":"2023-03-06T14:32:16","date_gmt":"2023-03-06T13:32:16","guid":{"rendered":"http:\/\/www.badminton-schongau.de\/?page_id=23"},"modified":"2024-07-10T19:45:12","modified_gmt":"2024-07-10T17:45:12","slug":"chronik","status":"publish","type":"page","link":"https:\/\/www.badminton-schongau.de\/index.php\/chronik\/","title":{"rendered":"Chronik"},"content":{"rendered":"\n<p><strong><mark style=\"background-color:rgba(0, 0, 0, 0)\" class=\"has-inline-color has-vivid-green-cyan-color\">SAISON 2022\/23<\/mark><\/strong><\/p>\n\n\n\n<p><strong>Juli 2023: Sch\u00fclersaisonabschluss<\/strong><\/p>\n\n\n\n<p>In der ganzj\u00e4hrigen Rangliste wurden dieses Mal Elias F\u00f6hr und Marisa Kranz als Bestplatzierte im Jungen bzw. M\u00e4dchen U19 geehrt. Der bestplatzierte Spieler im Alter U13 war Ilian Pastor Hummel.<\/p>\n\n\n\n<p>Bei der Vereinsmeisterschaft wurden die Platzierungen wie folgt vergeben:<\/p>\n\n\n\n<p>JE U18:   1. Felix Engelhardt;  2. Luis Kasper;  3. Sebastian Grimm<\/p>\n\n\n\n<p>ME U18: 1. Marisa Kranz<\/p>\n\n\n\n<p>ME U14: 1. Jette Geisemeyer;  2. Franziska Simmet<\/p>\n\n\n\n<p>JE U12: 1. Ilian Pastor Hummel;  2. Linus Knappe<\/p>\n\n\n\n<p>Einzel U10: 1. Tristan Dominic;  1. Johanna Simmet;  2. Bente Geisemeyer<\/p>\n\n\n\n<p><strong><mark style=\"background-color:rgba(0, 0, 0, 0)\" class=\"has-inline-color has-vivid-green-cyan-color\">SAISON 2021\/22<\/mark><\/strong><\/p>\n\n\n\n<p><strong>22. Juli 2022: Sch\u00fclersaisonabschluss<\/strong><strong><br><\/strong> Am Fr., 22.07.2022, fand der Saisonabschluss der Sch\u00fcler\/innen statt.\u00a0Hier wurden die Ranglistenspieler im Einzel U19 geehrt sowie die Vereinsmeister in verschiedenen Altersklassen ausgespielt.<\/p>\n\n\n\n<div>\n<div class=\"field field-name-field-image field-type-image field-label-hidden\">\n<div class=\"field-items\">\n<figure><img loading=\"lazy\" decoding=\"async\" src=\"http:\/\/www.badminton-schongau.de\/wp-content\/uploads\/2023\/03\/Badminton_Schueler_20220722.jpg\" alt=\"\" width=\"900\" height=\"675\"><\/figure><div class=\"field-item even\"><\/div>\n<\/div>\n<div>&nbsp;<\/div>\nDie Teilnehmer\/innen trotzden den hohen Temperaturen und zeigten tolle, spannende Spiele!\n<div>&nbsp;<\/div>\nDie Wanderpokale gingen in diesem Jahr an Henry Prill und Marisa Kranz als Gesamtsieger\/in der Rangliste U19 und an&nbsp;Pia Kasper als&nbsp;erfolgreichste Teilnehmer\/in U13.\nAls erfolgreichste&nbsp;Teilnehmer, der jeweils j\u00fcngsten Jahrg\u00e4nge wurden Luis Kapser und Jette Geisemeyer geehrt.\n<div>&nbsp;<\/div>\nBei den Vereinsmeisterschaften wurden die Pl\u00e4tze wie folgt erk\u00e4mpft:<br>\nJ-Einzel U19: 1. Elias F\u00f6hr<br>\nM-Einzel U19: 1. Marisa Kranz<br>\nJ-Einzel&nbsp;U15: 1. Luis Kasper,&nbsp; 2. Felix Engelhart,&nbsp; 3.&nbsp; Henry Prill,&nbsp; 4. Valentin Hipp<br>\nM-Einzel U13: 1. Pia Kasper,&nbsp; 2. Franziska Simmet<br>\nJ\/M-Einzel U11: 1. Ilian&nbsp;&nbsp; &nbsp;2. Benedikt Wieland,&nbsp; &nbsp;3. Markus Burkhardt<br>\nJ\/M-Einzel U09: 1.&nbsp;Tristan Dominic,&nbsp; 2. Felix Wieland,&nbsp; &nbsp;3. Bente Geisemeyer<br><\/div><\/div>\n","protected":false},"excerpt":{"rendered":"<p>SAISON 2022\/23 Juli 2023: Sch\u00fclersaisonabschluss In der ganzj\u00e4hrigen Rangliste wurden dieses Mal Elias F\u00f6hr und Marisa Kranz als Bestplatzierte im Jungen bzw. M\u00e4dchen U19 geehrt. Der bestplatzierte Spieler im Alter &#8230;<\/p>\n","protected":false},"author":1,"featured_media":0,"parent":0,"menu_order":8,"comment_status":"closed","ping_status":"closed","template":"","meta":{"footnotes":""},"class_list":["post-23","page","type-page","status-publish","hentry"],"_links":{"self":[{"href":"https:\/\/www.badminton-schongau.de\/index.php\/wp-json\/wp\/v2\/pages\/23"}],"collection":[{"href":"https:\/\/www.badminton-schongau.de\/index.php\/wp-json\/wp\/v2\/pages"}],"about":[{"href":"https:\/\/www.badminton-schongau.de\/index.php\/wp-json\/wp\/v2\/types\/page"}],"author":[{"embeddable":true,"href":"https:\/\/www.badminton-schongau.de\/index.php\/wp-json\/wp\/v2\/users\/1"}],"replies":[{"embeddable":true,"href":"https:\/\/www.badminton-schongau.de\/index.php\/wp-json\/wp\/v2\/comments?post=23"}],"version-history":[{"count":7,"href":"https:\/\/www.badminton-schongau.de\/index.php\/wp-json\/wp\/v2\/pages\/23\/revisions"}],"predecessor-version":[{"id":185,"href":"https:\/\/www.badminton-schongau.de\/index.php\/wp-json\/wp\/v2\/pages\/23\/revisions\/185"}],"wp:attachment":[{"href":"https:\/\/www.badminton-schongau.de\/index.php\/wp-json\/wp\/v2\/media?parent=23"}],"curies":[{"name":"wp","href":"https:\/\/api.w.org\/{rel}","templated":true}]}}