{"id":7,"date":"2023-03-06T13:55:11","date_gmt":"2023-03-06T12:55:11","guid":{"rendered":"http:\/\/www.badminton-schongau.de\/?page_id=7"},"modified":"2025-07-15T17:10:11","modified_gmt":"2025-07-15T15:10:11","slug":"impressum","status":"publish","type":"page","link":"https:\/\/www.badminton-schongau.de\/index.php\/impressum\/","title":{"rendered":"Impressum \/ Datenschutz"},"content":{"rendered":"\n<p><\/p>\n\n\n\n<p class=\"has-small-font-size\"><strong>Angaben gem\u00e4\u00df \u00a7 5 TMG:<\/strong><br>Turn- und Sportverein Schongau von 1863 e.V.<\/p>\n\n\n\n<p class=\"has-small-font-size\">Bahnhofstra\u00dfe 40<\/p>\n\n\n\n<p class=\"has-small-font-size\">86956 Schongau<\/p>\n\n\n\n<p class=\"has-small-font-size\"><br><strong>Vertreten durch:<\/strong><\/p>\n\n\n\n<p class=\"has-small-font-size\"><strong>Teamvorstand<\/strong><\/p>\n\n\n\n<p>Anschi Haberstock<\/p>\n\n\n\n<p>Sabine Weith<\/p>\n\n\n\n<p>Maximilian Becher <\/p>\n\n\n\n<p class=\"has-small-font-size\">Peter Mahl<\/p>\n\n\n\n<p class=\"has-small-font-size\"><br><strong>Kontakt:<\/strong><br>Telefon: 08861\/9857<br>E-Mail: tsv@tsv-schongau.de<\/p>\n\n\n\n<p class=\"has-small-font-size\"><br><strong>Registereintrag:<\/strong><br>Eintragung im Vereinsregister<br>Registergericht: Amtsgericht M\u00fcnchen<br>Registernummer: VR 90001<br><br><strong>Verantwortlich f\u00fcr den Inhalt nach \u00a7 55 Abs. 2 RStV:<\/strong><br>Badminton-Abteilung des TSV Schongau<br>Georg Kasper<br>Angerweg 13<br>86983 Lechbruck E-Mail: kaspergeo@aol.com<\/p>\n\n\n\n<p class=\"has-small-font-size\"><strong>Haftung f\u00fcr Inhalte<\/strong><br>Als Diensteanbieter sind wir gem\u00e4\u00df \u00a7 7 Abs.1 TMG f\u00fcr eigene Inhalte auf diesen Seiten nach den allgemeinen Gesetzen verantwortlich. Nach \u00a7\u00a7 8 bis 10 TMG sind wir als Diensteanbieter jedoch nicht verpflichtet, \u00fcbermittelte oder gespeicherte fremde Informationen zu \u00fcberwachen oder nach Umst\u00e4nden zu forschen, die auf eine rechtswidrige T\u00e4tigkeit hinweisen.<br>Verpflichtungen zur Entfernung oder Sperrung der Nutzung von Informationen nach den allgemeinen Gesetzen bleiben hiervon unber\u00fchrt. Eine diesbez\u00fcgliche Haftung ist jedoch erst ab dem Zeitpunkt der Kenntnis einer konkreten Rechtsverletzung m\u00f6glich. Bei Bekanntwerden von entsprechenden Rechtsverletzungen werden wir diese Inhalte umgehend entfernen.<\/p>\n\n\n\n<p class=\"has-small-font-size\"><strong>Haftung f\u00fcr Links<\/strong><br>Unser Angebot enth\u00e4lt Links zu externen Websites Dritter, auf deren Inhalte wir keinen Einfluss haben. Deshalb k\u00f6nnen wir f\u00fcr diese fremden Inhalte auch keine Gew\u00e4hr \u00fcbernehmen. F\u00fcr die Inhalte der verlinkten Seiten ist stets der jeweilige Anbieter oder Betreiber der Seiten verantwortlich. Die verlinkten Seiten wurden zum Zeitpunkt der Verlinkung auf m\u00f6gliche Rechtsverst\u00f6\u00dfe \u00fcberpr\u00fcft. Rechtswidrige Inhalte waren zum Zeitpunkt der Verlinkung nicht erkennbar.<br>Eine permanente inhaltliche Kontrolle der verlinkten Seiten ist jedoch ohne konkrete Anhaltspunkte einer Rechtsverletzung nicht zumutbar. Bei Bekanntwerden von Rechtsverletzungen werden wir derartige Links umgehend entfernen.<\/p>\n\n\n\n<p class=\"has-small-font-size\"><strong>Urheberrecht<\/strong><br>Die durch die Seitenbetreiber erstellten Inhalte und Werke auf diesen Seiten unterliegen dem deutschen Urheberrecht. Die Vervielf\u00e4ltigung, Bearbeitung, Verbreitung und jede Art der Verwertung au\u00dferhalb der Grenzen des Urheberrechtes bed\u00fcrfen der schriftlichen Zustimmung des jeweiligen Autors bzw. Erstellers. Downloads und Kopien dieser Seite sind nur f\u00fcr den privaten, nicht kommerziellen Gebrauch gestattet.<br>Soweit die Inhalte auf dieser Seite nicht vom Betreiber erstellt wurden, werden die Urheberrechte Dritter beachtet. Insbesondere werden Inhalte Dritter als solche gekennzeichnet. Sollten Sie trotzdem auf eine Urheberrechtsverletzung aufmerksam werden, bitten wir um einen entsprechenden Hinweis. Bei Bekanntwerden von Rechtsverletzungen werden wir derartige Inhalte umgehend entfernen.<\/p>\n\n\n\n<p class=\"has-small-font-size\"><strong>Datenschutzerkl\u00e4rung<\/strong><br>Die Nutzung unserer Seite ist ohne eine Angabe von personenbezogenen Daten m\u00f6glich. F\u00fcr die Nutzung einzelner Services unserer Seite k\u00f6nnen sich hierf\u00fcr abweichende Regelungen ergeben, die in diesem Falle nachstehend gesondert erl\u00e4utert werden. Ihre personenbezogenen Daten (z.B. Name, Anschrift, E-Mail, Telefonnummer, u.\u00e4.) werden von uns nur gem\u00e4\u00df den Bestimmungen des deutschen Datenschutzrechts verarbeitet. Daten sind dann personenbezogen, wenn sie eindeutig einer bestimmten nat\u00fcrlichen Person zugeordnet werden k\u00f6nnen. Die rechtlichen Grundlagen des Datenschutzes finden Sie im Bundesdatenschutzgesetz (BDSG) und dem Telemediengesetz (TMG). Nachstehende Regelungen informieren Sie insoweit \u00fcber die Art, den Umfang und Zweck der Er-hebung, die Nutzung und die Verarbeitung von personenbezogenen Daten durch den Anbieter<\/p>\n\n\n\n<p class=\"has-small-font-size\"><strong>Turn- und Sportverein Schongau von 1863 e.V.<\/strong><br>Bahnhofstra\u00dfe 40<br>86956 Schongau<br>Telefon: 08861\/9857<br>E-Mail: tsv@tsv-schongau.de<br>Registergericht: Amtsgericht M\u00fcnchen<br>Registernummer: VR 90001<\/p>\n\n\n\n<p>Vertreten durch:<\/p>\n\n\n\n<p><strong>Teamvorstand<\/strong><\/p>\n\n\n\n<p>Anschi Haberstock<\/p>\n\n\n\n<p>Sabine Weith<\/p>\n\n\n\n<p>Maximilian Becher <\/p>\n\n\n\n<p>Peter Mahl<\/p>\n\n\n\n<p>Wir weisen darauf hin, dass die internetbasierte Daten\u00fcbertragung Sicherheitsl\u00fccken aufweist, ein l\u00fcckenloser Schutz vor Zugriffen durch Dritte somit unm\u00f6glich ist.<\/p>\n\n\n\n<p><strong>Serverdaten<\/strong><br>Aus technischen Gr\u00fcnden werden u.a. folgende Daten, die Ihr Internet-Browser an uns bzw. an unseren Webspace-Provider \u00fcbermittelt, erfasst (sogenannte Serverlogfiles): &#8211; Browsertyp und -version &#8211; verwendetes Betriebssystem &#8211; Webseite, von der aus Sie uns besuchen (Referrer URL) &#8211; Webseite, die Sie besuchen &#8211; Datum und Uhrzeit Ihres Zugriffs &#8211; Ihre Internet Protokoll (IP)-Adresse. Diese anonymen Daten werden getrennt von Ihren eventuell angegebenen personenbezogenen Daten gespeichert und lassen so keine R\u00fcckschl\u00fcsse auf eine bestimmte Person zu. Sie werden zu statistischen Zwecken ausgewertet, um unseren Internetauftritt und unsere Angebote optimieren zu k\u00f6nnen.<\/p>\n","protected":false},"excerpt":{"rendered":"<p>Angaben gem\u00e4\u00df \u00a7 5 TMG:Turn- und Sportverein Schongau von 1863 e.V. Bahnhofstra\u00dfe 40 86956 Schongau Vertreten durch: Teamvorstand Anschi Haberstock Sabine Weith Maximilian Becher Peter Mahl Kontakt:Telefon: 08861\/9857E-Mail: tsv@tsv-schongau.de Registereintrag:Eintragung &#8230;<\/p>\n","protected":false},"author":1,"featured_media":0,"parent":0,"menu_order":10,"comment_status":"closed","ping_status":"closed","template":"","meta":{"footnotes":""},"class_list":["post-7","page","type-page","status-publish","hentry"],"_links":{"self":[{"href":"https:\/\/www.badminton-schongau.de\/index.php\/wp-json\/wp\/v2\/pages\/7"}],"collection":[{"href":"https:\/\/www.badminton-schongau.de\/index.php\/wp-json\/wp\/v2\/pages"}],"about":[{"href":"https:\/\/www.badminton-schongau.de\/index.php\/wp-json\/wp\/v2\/types\/page"}],"author":[{"embeddable":true,"href":"https:\/\/www.badminton-schongau.de\/index.php\/wp-json\/wp\/v2\/users\/1"}],"replies":[{"embeddable":true,"href":"https:\/\/www.badminton-schongau.de\/index.php\/wp-json\/wp\/v2\/comments?post=7"}],"version-history":[{"count":15,"href":"https:\/\/www.badminton-schongau.de\/index.php\/wp-json\/wp\/v2\/pages\/7\/revisions"}],"predecessor-version":[{"id":337,"href":"https:\/\/www.badminton-schongau.de\/index.php\/wp-json\/wp\/v2\/pages\/7\/revisions\/337"}],"wp:attachment":[{"href":"https:\/\/www.badminton-schongau.de\/index.php\/wp-json\/wp\/v2\/media?parent=7"}],"curies":[{"name":"wp","href":"https:\/\/api.w.org\/{rel}","templated":true}]}}